{"id":53,"date":"2017-06-14T09:00:42","date_gmt":"2017-06-14T09:00:42","guid":{"rendered":"http:\/\/dummy.xtemos.com\/woodmart\/?post_type=product&#038;p=53"},"modified":"2024-11-12T19:01:08","modified_gmt":"2024-11-12T19:01:08","slug":"biodigestor-2","status":"publish","type":"product","link":"https:\/\/miogas.com\/en\/tienda\/producto\/biodigestor-2\/","title":{"rendered":"Biodigestor 2"},"content":{"rendered":"<div class=\"wpb-content-wrapper\"><p>[vc_row equal_height=&#8221;yes&#8221; content_placement=&#8221;top&#8221;][vc_column css=&#8221;.vc_custom_1635941267568{margin-bottom: 35px !important;padding-right: 30px !important;padding-bottom: 30px !important;padding-left: 30px !important;}&#8221; offset=&#8221;vc_col-lg-4 vc_col-md-4 vc_col-xs-12&#8243; woodmart_css_id=&#8221;61827b8e5abdf&#8221; parallax_scroll=&#8221;no&#8221; woodmart_sticky_column=&#8221;false&#8221; wd_collapsible_content_switcher=&#8221;no&#8221; mobile_bg_img_hidden=&#8221;no&#8221; tablet_bg_img_hidden=&#8221;no&#8221; woodmart_parallax=&#8221;0&#8243; woodmart_box_shadow=&#8221;no&#8221; mobile_reset_margin=&#8221;no&#8221; tablet_reset_margin=&#8221;no&#8221; wd_z_index=&#8221;no&#8221; responsive_spacing=&#8221;eyJwYXJhbV90eXBlIjoid29vZG1hcnRfcmVzcG9uc2l2ZV9zcGFjaW5nIiwic2VsZWN0b3JfaWQiOiI2MTgyN2I4ZTVhYmRmIiwic2hvcnRjb2RlIjoidmNfY29sdW1uIiwiZGF0YSI6eyJ0YWJsZXQiOnt9LCJtb2JpbGUiOnt9fX0=&#8221;]\n\t\t<div id=\"wd-6622414dc3c26\" class=\"title-wrapper wd-wpb set-mb-s reset-last-child  wd-rs-6622414dc3c26 wd-title-color-default wd-title-style-default text-left  wd-underline-colored\">\n\t\t\t\n\t\t\t<div class=\"liner-continer\">\n\t\t\t\t<h4 class=\"woodmart-title-container title  wd-font-weight- wd-fontsize-l\" >CARACTER\u00cdSTICAS PRINCIPALES DEL BIODIGESTOR 2<\/h4>\n\t\t\t\t\t\t\t<\/div>\n\t\t\t\n\t\t\t\n\t\t\t\n\t\t<\/div>\n\t\t\n\t\t\t\t<div id=\"wd-6622413eaf4e4\" class=\"wd-text-block wd-wpb reset-last-child wd-rs-6622413eaf4e4 text-left vc_custom_1713520970047\">\n\t\t\t<ul>\n<li>Genera hasta\u00a0<strong>2 horas diarias<\/strong>\u00a0de biog\u00e1s para cocinar<\/li>\n<li>Produce\u00a0<strong>biofertilizante<\/strong>\u00a0rico para un crecimiento saludable de las plantas<\/li>\n<li>Recicla hasta\u00a0<strong>6L de restos de cocina<\/strong>\u00a0al d\u00eda o 15L de esti\u00e9rcol animal<\/li>\n<li>Evita la emisi\u00f3n de\u00a0<strong>6 toneladas de CO<sub>2<\/sub>\u00a0al a\u00f1o<\/strong><\/li>\n<li>Ahorra hasta\u00a0<strong>320\u20ac de gas al a\u00f1o<\/strong><\/li>\n<\/ul>\n\t\t<\/div>\n\t\t[\/vc_column][vc_column width=&#8221;1\/2&#8243; offset=&#8221;vc_col-lg-4 vc_col-md-4 vc_col-xs-12&#8243; woodmart_css_id=&#8221;61827b8294f87&#8243; parallax_scroll=&#8221;no&#8221; woodmart_sticky_column=&#8221;false&#8221; wd_collapsible_content_switcher=&#8221;no&#8221; mobile_bg_img_hidden=&#8221;no&#8221; tablet_bg_img_hidden=&#8221;no&#8221; woodmart_parallax=&#8221;0&#8243; woodmart_box_shadow=&#8221;no&#8221; mobile_reset_margin=&#8221;no&#8221; tablet_reset_margin=&#8221;no&#8221; wd_z_index=&#8221;no&#8221; responsive_spacing=&#8221;eyJwYXJhbV90eXBlIjoid29vZG1hcnRfcmVzcG9uc2l2ZV9zcGFjaW5nIiwic2VsZWN0b3JfaWQiOiI2MTgyN2I4Mjk0Zjg3Iiwic2hvcnRjb2RlIjoidmNfY29sdW1uIiwiZGF0YSI6eyJ0YWJsZXQiOnt9LCJtb2JpbGUiOnt9fX0=&#8221;]\n\t\t<div id=\"wd-66224168ccbff\" class=\"title-wrapper wd-wpb set-mb-s reset-last-child  wd-rs-66224168ccbff wd-title-color-default wd-title-style-default text-left  wd-underline-colored\">\n\t\t\t\n\t\t\t<div class=\"liner-continer\">\n\t\t\t\t<h4 class=\"woodmart-title-container title  wd-font-weight- wd-fontsize-l\" >DETALLES T\u00c9CNICOS DEL BIODIGESTOR 2<\/h4>\n\t\t\t\t\t\t\t<\/div>\n\t\t\t\n\t\t\t\n\t\t\t\n\t\t<\/div>\n\t\t\n\t\t\t\t<div id=\"wd-6622419701632\" class=\"wd-text-block wd-wpb reset-last-child wd-rs-6622419701632 text-left vc_custom_1713521127269\">\n\t\t\t<ul>\n<li><strong>Dimensiones:<\/strong> 210 x 115 x 130 cm<\/li>\n<\/ul>\n<ul>\n<li><strong>Volumen del dep\u00f3sito de gas<\/strong>: 700 litros<\/li>\n<\/ul>\n<ul>\n<li><strong>Volumen del reactor:<\/strong> 1200 litros<\/li>\n<\/ul>\n<ul>\n<li><strong>Cantidad m\u00e1xima de restos de comida:<\/strong> Hasta 6 litros diarios<\/li>\n<\/ul>\n<ul>\n<li><strong>Cantidad m\u00e1xima de esti\u00e9rcol animal:<\/strong> 15 litros de esti\u00e9rcol + 30 Litros de agua<\/li>\n<\/ul>\n<ul>\n<li><strong>Horas de cocina (fog\u00f3n simple):<\/strong> Hasta 2 horas diarias<\/li>\n<\/ul>\n\t\t<\/div>\n\t\t[\/vc_column][vc_column width=&#8221;1\/2&#8243; offset=&#8221;vc_col-lg-4 vc_col-md-4 vc_col-xs-12&#8243; woodmart_css_id=&#8221;61827b9533868&#8243; parallax_scroll=&#8221;no&#8221; woodmart_sticky_column=&#8221;false&#8221; wd_collapsible_content_switcher=&#8221;no&#8221; mobile_bg_img_hidden=&#8221;no&#8221; tablet_bg_img_hidden=&#8221;no&#8221; woodmart_parallax=&#8221;0&#8243; woodmart_box_shadow=&#8221;no&#8221; mobile_reset_margin=&#8221;no&#8221; tablet_reset_margin=&#8221;no&#8221; wd_z_index=&#8221;no&#8221; responsive_spacing=&#8221;eyJwYXJhbV90eXBlIjoid29vZG1hcnRfcmVzcG9uc2l2ZV9zcGFjaW5nIiwic2VsZWN0b3JfaWQiOiI2MTgyN2I5NTMzODY4Iiwic2hvcnRjb2RlIjoidmNfY29sdW1uIiwiZGF0YSI6eyJ0YWJsZXQiOnt9LCJtb2JpbGUiOnt9fX0=&#8221;][vc_single_image image=&#8221;12467&#8243; img_size=&#8221;full&#8221; onclick=&#8221;custom_link&#8221; css=&#8221;.vc_custom_1724312830159{margin-bottom: 0px !important;}&#8221; woodmart_inline=&#8221;no&#8221; parallax_scroll=&#8221;no&#8221; link=&#8221;https:\/\/www.youtube.com\/watch?v=qfgKmI6KZY0&amp;t&#8221;][vc_empty_space woodmart_hide_large=&#8221;0&#8243; woodmart_hide_medium=&#8221;0&#8243; woodmart_hide_small=&#8221;0&#8243;][\/vc_column][\/vc_row]<\/p>\n<\/div>","protected":false},"excerpt":{"rendered":"<p>El Biodigestor 2 va dirigido a familias de hasta 4 personas que busquen ahorrar, sumarse a la econom\u00eda circular y dar un pasito m\u00e1s hacia la independencia energ\u00e9tica.<\/p>\n<p><img loading=\"lazy\" decoding=\"async\" class=\"alignnone wp-image-12155\" src=\"https:\/\/miogas.com\/wp-content\/uploads\/2024\/03\/Captura-de-pantalla-2024-06-24-124827-400x90.png\" alt=\"\" width=\"218\" height=\"49\" srcset=\"https:\/\/miogas.com\/wp-content\/uploads\/2024\/03\/Captura-de-pantalla-2024-06-24-124827-400x90.png 400w, https:\/\/miogas.com\/wp-content\/uploads\/2024\/03\/Captura-de-pantalla-2024-06-24-124827-768x173.png 768w, https:\/\/miogas.com\/wp-content\/uploads\/2024\/03\/Captura-de-pantalla-2024-06-24-124827-430x97.png 430w, https:\/\/miogas.com\/wp-content\/uploads\/2024\/03\/Captura-de-pantalla-2024-06-24-124827-700x157.png 700w, https:\/\/miogas.com\/wp-content\/uploads\/2024\/03\/Captura-de-pantalla-2024-06-24-124827-150x34.png 150w, https:\/\/miogas.com\/wp-content\/uploads\/2024\/03\/Captura-de-pantalla-2024-06-24-124827.png 832w\" sizes=\"(max-width: 218px) 100vw, 218px\" \/><\/p>\n","protected":false},"featured_media":12536,"comment_status":"open","ping_status":"closed","template":"","meta":{"rank_math_lock_modified_date":false},"product_cat":[76],"product_tag":[130],"class_list":{"0":"post-53","1":"product","2":"type-product","3":"status-publish","4":"has-post-thumbnail","6":"product_cat-tienda-biodigestores","7":"product_tag-biodigestor-2","9":"first","10":"instock","11":"taxable","12":"shipping-taxable","13":"purchasable","14":"product-type-simple"},"_links":{"self":[{"href":"https:\/\/miogas.com\/en\/wp-json\/wp\/v2\/product\/53"}],"collection":[{"href":"https:\/\/miogas.com\/en\/wp-json\/wp\/v2\/product"}],"about":[{"href":"https:\/\/miogas.com\/en\/wp-json\/wp\/v2\/types\/product"}],"replies":[{"embeddable":true,"href":"https:\/\/miogas.com\/en\/wp-json\/wp\/v2\/comments?post=53"}],"wp:featuredmedia":[{"embeddable":true,"href":"https:\/\/miogas.com\/en\/wp-json\/wp\/v2\/media\/12536"}],"wp:attachment":[{"href":"https:\/\/miogas.com\/en\/wp-json\/wp\/v2\/media?parent=53"}],"wp:term":[{"taxonomy":"product_cat","embeddable":true,"href":"https:\/\/miogas.com\/en\/wp-json\/wp\/v2\/product_cat?post=53"},{"taxonomy":"product_tag","embeddable":true,"href":"https:\/\/miogas.com\/en\/wp-json\/wp\/v2\/product_tag?post=53"}],"curies":[{"name":"wp","href":"https:\/\/api.w.org\/{rel}","templated":true}]}}